{"id":490,"date":"2024-03-21T19:22:28","date_gmt":"2024-03-21T19:22:28","guid":{"rendered":"https:\/\/staging-jenlu.uk\/index.php\/am-yr-ysgol\/"},"modified":"2024-03-21T19:25:41","modified_gmt":"2024-03-21T19:25:41","slug":"am-yr-ysgol","status":"publish","type":"page","link":"https:\/\/ysgoldeganwy.co.uk\/index.php\/am-yr-ysgol\/?lang=cy","title":{"rendered":"Am yr Ysgol"},"content":{"rendered":"\n<p>Wedi&#8217;i hadeiladu ym 1939 a&#8217;i hehangu yn 1961, 1967, a 2003, mae&#8217;r ysgol yn ymfalch\u00efo mewn 12 ystafell ddosbarth, ystafell gerddoriaeth a llyfrgell gyfun, ac mae&#8217;n elwa o neuadd \u00e2 chyfarpar da sy&#8217;n gwasanaethu fel campfa a ffreutur. Gerllaw&#8217;r ysgol, o fewn yr adeilad DPLA, mae cylch chwarae a Chlwb Ar \u00d4l Ysgol, gan gyfoethogi&#8217;r hyn a gynigir i&#8217;r ysgol a chymuned y cylch chwarae. Mae Clwb Brecwast hefyd ar gael bob bore i fyfyrwyr.<\/p>\n\n<p>Mae tiroedd eang yr ysgol wedi&#8217;u haddurno \u00e2 choed, wedi&#8217;u gorchuddio \u00e2 glaswellt yn bennaf, gydag ardaloedd wyneb caled dynodedig ar gyfer myfyrwyr iau. Ymhlith y cyfleusterau mae cwrt p\u00eal-rwyd, gwarchodfa natur, strwythur chwarae pren, a gardd helaeth.<\/p>\n\n<p>Wedi&#8217;i lleoli yng nghanol ardaloedd preswyl modern yn bennaf, mae&#8217;r ysgol yn mwynhau lleoliad prydferth sy&#8217;n edrych dros dref Conwy ar draws Afon Conwy. Mae golygfeydd godidog o fynyddoedd y Carneddau i\u2019w gweld o\u2019r ysgol. Mae mewn lleoliad cyfleus ger Bryn y Fardre, sy&#8217;n adnabyddus am ei adfeilion castell Eingl-Gymreig hanesyddol, ac mae traeth Deganwy o fewn cyrraedd hawdd. Mae&#8217;r amgylchedd o gwmpas yn cynnig cefndir cyfoethog a diddorol, a ddefnyddir yn helaeth yng ngweithgareddau cwricwlwm yr ysgol.<\/p>\n\n<div class=\"wp-block-media-text is-stacked-on-mobile\"><figure class=\"wp-block-media-text__media\"><img fetchpriority=\"high\" decoding=\"async\" width=\"1024\" height=\"682\" src=\"https:\/\/ysgoldeganwy.co.uk\/wp-content\/uploads\/2024\/03\/welsh-flag-flag-of-wales-1024x682.jpg\" alt=\"Baner Cymru - Flag of Wales\" class=\"wp-image-494 size-full\" srcset=\"https:\/\/ysgoldeganwy.co.uk\/wp-content\/uploads\/2024\/03\/welsh-flag-flag-of-wales-1024x682.jpg 1024w, https:\/\/ysgoldeganwy.co.uk\/wp-content\/uploads\/2024\/03\/welsh-flag-flag-of-wales-300x200.jpg 300w, https:\/\/ysgoldeganwy.co.uk\/wp-content\/uploads\/2024\/03\/welsh-flag-flag-of-wales-768x512.jpg 768w, https:\/\/ysgoldeganwy.co.uk\/wp-content\/uploads\/2024\/03\/welsh-flag-flag-of-wales-1536x1024.jpg 1536w, https:\/\/ysgoldeganwy.co.uk\/wp-content\/uploads\/2024\/03\/welsh-flag-flag-of-wales.jpg 2000w\" sizes=\"(max-width: 1024px) 100vw, 1024px\" \/><\/figure><div class=\"wp-block-media-text__content\">\n<p><br\/>Dosbarthiad Iaith yr Ysgol: 4<\/p>\n\n\n\n<p>Mae Ysgol Deganwy wedi\u2019i dosbarthu fel ysgol gynradd cyfrwng Saesneg yn bennaf, ond eto mae\u2019n ymgorffori defnydd sylweddol o\u2019r Gymraeg. Mae 25% o&#8217;r cwricwlwm yn cael ei gyflwyno yn Gymraeg. Defnyddir y Gymraeg yn gyson ar draws y diwrnod ysgol, gan ddechrau o\u2019r Cyfnod Sylfaen.<\/p>\n<\/div><\/div>\n","protected":false},"excerpt":{"rendered":"<p>Wedi&#8217;i hadeiladu ym 1939 a&#8217;i hehangu yn 1961, 1967, a 2003, mae&#8217;r ysgol yn ymfalch\u00efo mewn 12 ystafell ddosbarth, ystafell gerddoriaeth a llyfrgell gyfun, ac mae&#8217;n elwa o neuadd \u00e2 chyfarpar da sy&#8217;n gwasanaethu fel campfa a ffreutur. Gerllaw&#8217;r ysgol, o fewn yr adeilad DPLA, mae cylch chwarae a Chlwb Ar \u00d4l Ysgol, gan gyfoethogi&#8217;r [&hellip;]<\/p>\n","protected":false},"author":1,"featured_media":0,"parent":0,"menu_order":0,"comment_status":"closed","ping_status":"closed","template":"","meta":{"_acf_changed":false,"footnotes":""},"class_list":["post-490","page","type-page","status-publish","hentry"],"acf":[],"_links":{"self":[{"href":"https:\/\/ysgoldeganwy.co.uk\/index.php\/wp-json\/wp\/v2\/pages\/490","targetHints":{"allow":["GET"]}}],"collection":[{"href":"https:\/\/ysgoldeganwy.co.uk\/index.php\/wp-json\/wp\/v2\/pages"}],"about":[{"href":"https:\/\/ysgoldeganwy.co.uk\/index.php\/wp-json\/wp\/v2\/types\/page"}],"author":[{"embeddable":true,"href":"https:\/\/ysgoldeganwy.co.uk\/index.php\/wp-json\/wp\/v2\/users\/1"}],"replies":[{"embeddable":true,"href":"https:\/\/ysgoldeganwy.co.uk\/index.php\/wp-json\/wp\/v2\/comments?post=490"}],"version-history":[{"count":2,"href":"https:\/\/ysgoldeganwy.co.uk\/index.php\/wp-json\/wp\/v2\/pages\/490\/revisions"}],"predecessor-version":[{"id":497,"href":"https:\/\/ysgoldeganwy.co.uk\/index.php\/wp-json\/wp\/v2\/pages\/490\/revisions\/497"}],"wp:attachment":[{"href":"https:\/\/ysgoldeganwy.co.uk\/index.php\/wp-json\/wp\/v2\/media?parent=490"}],"curies":[{"name":"wp","href":"https:\/\/api.w.org\/{rel}","templated":true}]}}