{"id":594,"date":"2024-03-21T19:45:24","date_gmt":"2024-03-21T19:45:24","guid":{"rendered":"https:\/\/staging-jenlu.uk\/index.php\/mynediad\/"},"modified":"2024-03-21T21:52:03","modified_gmt":"2024-03-21T21:52:03","slug":"mynediad","status":"publish","type":"page","link":"https:\/\/ysgoldeganwy.co.uk\/index.php\/mynediad\/?lang=cy","title":{"rendered":"Mynediad"},"content":{"rendered":"\n<h2 class=\"wp-block-heading\">Disgyblion rhan-amser (Meithrin)<\/h2>\n\n<p>Mae plant yn gymwys i ymuno \u00e2&#8217;r Feithrinfa yn y mis Medi ar \u00f4l iddynt droi&#8217;n dair.<\/p>\n\n<p><strong><em>Y mis Medi cyntaf ar \u00f4l eu pen-blwydd yn 3 oed<\/em><\/strong> .<br\/>I sicrhau lle yn y Feithrinfa i&#8217;ch plentyn, rhaid llenwi ffurflen gais, sydd ar gael <a href=\"https:\/\/www.conwy.gov.uk\/en\/Resident\/Education-and-Families\/School-Admissions\/Primary-School-Admissions.aspx\">yma<\/a> .<\/p>\n\n<p><em>Ni allwn gymryd rhan yn uniongyrchol yn y Broses Dderbyn; fodd bynnag, rydym ar gael i ateb unrhyw gwestiynau sydd gennych a darparu cymorth yn \u00f4l yr angen. Yn anffodus, nid oes gan rieni disgyblion oed Meithrin nad ydynt wedi cael lle yn yr ysgol yr hawl i apelio yn erbyn penderfyniad yr Awdurdod Lleol.<\/em><\/p>\n\n<h4 class=\"wp-block-heading\">Hawl Boreuol<\/h4>\n\n<p>Mae gan blant hawl i 10 awr o leoliad addysgol yr wythnos gan ddechrau o&#8217;r tymor yn union ar \u00f4l eu trydydd pen-blwydd. Mae&#8217;r cylch chwarae cyn ysgol ar y safle yn cymryd rhan yn y cynllun hwn, gan gynnig lleoliadau yn unol \u00e2 hynny. Er y gall yr ysgol roi arweiniad, mae rhagor o fanylion ar gael yn uniongyrchol gan y cylch chwarae, naill ai drwy ymweld yn bersonol neu drwy ffonio <a href=\"tel:07891717320\">07891717320<\/a> .<\/p>\n\n<h2 class=\"wp-block-heading\">Disgyblion llawn amser (Derbyn)<\/h2>\n\n<p>Mae plant yn gymwys i gael eu derbyn i&#8217;r dosbarth Derbyn yn y mis Medi yn dilyn eu pen-blwydd yn bedair oed. I wneud cais am le Derbyn i&#8217;ch plentyn, rhaid i chi lenwi ffurflen gais, sydd ar gael <a href=\"https:\/\/www.conwy.gov.uk\/en\/Resident\/Education-and-Families\/School-Admissions\/Primary-School-Admissions.aspx\">yma<\/a> . Bydd Awdurdod Derbyn Conwy yn hysbysu rhieni am y dyraniad o leoedd Meithrin a Derbyn.<\/p>\n\n<p>Mae manylion Polisi Derbyn Conwy ar gael ar eu gwefan: <a href=\"https:\/\/www.conwy.gov.uk\">https:\/\/www.conwy.gov.uk<\/a> .<\/p>\n\n<p>Ar \u00f4l cyrraedd pump oed, daw addysg yn orfodol, ac mae gan rieni&#8217;r hawl i nodi eu dewis ysgol. Os nad yw eich plentyn yn cael lle yn ei flwyddyn academaidd gan Awdurdod Derbyn Conwy, mae gennych yr opsiwn i apelio i&#8217;r Awdurdod Lleol.<\/p>\n\n<h2 class=\"wp-block-heading\">Trosglwyddo rhwng ysgolion cynradd<\/h2>\n\n<p>Os dymunwch drosglwyddo eich plentyn o ysgol arall, mae angen llenwi ffurflen gais trosglwyddo a\u2019i chyflwyno i\u2019r Awdurdod Lleol. Bydd yr Awdurdod Derbyn wedyn yn hysbysu rhieni a yw lle wedi\u2019i ddyrannu\u2019n llwyddiannus.<\/p>\n\n<h2 class=\"wp-block-heading\">Trosglwyddiad Uwchradd<\/h2>\n\n<p>Plant yn trosglwyddo i ysgolion uwchradd ar \u00f4l Blwyddyn 6. Mae gan y rhai sy&#8217;n byw o fewn dalgylch yr ysgol yr opsiwn i fynychu Ysgol Aberconwy, Ysgol John Bright, neu Ysgol y Creuddyn. Wrth baratoi ar gyfer trosglwyddo ym mis Medi, mae staff o&#8217;r ysgolion uwchradd hyn yn ymweld yn ystod tymor yr haf. Yn ogystal, gwneir trefniadau i&#8217;r plant ymweld \u00e2&#8217;r ysgol uwchradd o&#8217;u dewis.<\/p>\n\n<h3 class=\"wp-block-heading\"><strong><em>Nodwch os gwelwch yn dda<\/em><\/strong><\/h3>\n\n<h3 class=\"wp-block-heading\">\u2022 <strong><em>yr Awdurdod Lleol yn unig sy&#8217;n gyfrifol am yr holl ysgolion a gynhelir yng Nghonwy.<\/em><\/strong><br\/>\u2022 <em>Dim ond 45 o ddisgyblion y gallwn eu derbyn<\/em> <em>i bob<\/em> <em>Gr\u0175p<\/em> Blwyddyn<br\/><\/h3>\n","protected":false},"excerpt":{"rendered":"<p>Disgyblion rhan-amser (Meithrin) Mae plant yn gymwys i ymuno \u00e2&#8217;r Feithrinfa yn y mis Medi ar \u00f4l iddynt droi&#8217;n dair. Y mis Medi cyntaf ar \u00f4l eu pen-blwydd yn 3 oed .I sicrhau lle yn y Feithrinfa i&#8217;ch plentyn, rhaid llenwi ffurflen gais, sydd ar gael yma . Ni allwn gymryd rhan yn uniongyrchol yn [&hellip;]<\/p>\n","protected":false},"author":1,"featured_media":0,"parent":0,"menu_order":0,"comment_status":"closed","ping_status":"closed","template":"","meta":{"_acf_changed":false,"footnotes":""},"class_list":["post-594","page","type-page","status-publish","hentry"],"acf":[],"_links":{"self":[{"href":"https:\/\/ysgoldeganwy.co.uk\/index.php\/wp-json\/wp\/v2\/pages\/594","targetHints":{"allow":["GET"]}}],"collection":[{"href":"https:\/\/ysgoldeganwy.co.uk\/index.php\/wp-json\/wp\/v2\/pages"}],"about":[{"href":"https:\/\/ysgoldeganwy.co.uk\/index.php\/wp-json\/wp\/v2\/types\/page"}],"author":[{"embeddable":true,"href":"https:\/\/ysgoldeganwy.co.uk\/index.php\/wp-json\/wp\/v2\/users\/1"}],"replies":[{"embeddable":true,"href":"https:\/\/ysgoldeganwy.co.uk\/index.php\/wp-json\/wp\/v2\/comments?post=594"}],"version-history":[{"count":1,"href":"https:\/\/ysgoldeganwy.co.uk\/index.php\/wp-json\/wp\/v2\/pages\/594\/revisions"}],"predecessor-version":[{"id":596,"href":"https:\/\/ysgoldeganwy.co.uk\/index.php\/wp-json\/wp\/v2\/pages\/594\/revisions\/596"}],"wp:attachment":[{"href":"https:\/\/ysgoldeganwy.co.uk\/index.php\/wp-json\/wp\/v2\/media?parent=594"}],"curies":[{"name":"wp","href":"https:\/\/api.w.org\/{rel}","templated":true}]}}