{"id":632,"date":"2024-03-21T21:07:14","date_gmt":"2024-03-21T21:07:14","guid":{"rendered":"https:\/\/staging-jenlu.uk\/index.php\/gweithgareddau-allgyrsiol\/"},"modified":"2024-03-21T21:52:13","modified_gmt":"2024-03-21T21:52:13","slug":"gweithgareddau-allgyrsiol","status":"publish","type":"page","link":"https:\/\/ysgoldeganwy.co.uk\/index.php\/gweithgareddau-allgyrsiol\/?lang=cy","title":{"rendered":"Gweithgareddau Allgyrsiol"},"content":{"rendered":"\n<p>Mae&#8217;r ysgol yn anelu at sicrhau cydweithrediad a chefnogaeth rhieni ar gyfer yr holl weithgareddau ychwanegol a gynllunnir. Rydym yn cynnig ystod eang o weithgareddau a drefnir yn ffurfiol ar sail gyson fel a ganlyn &#8211;<\/p>\n\n<div class=\"wp-block-media-text is-stacked-on-mobile\"><figure class=\"wp-block-media-text__media\"><img fetchpriority=\"high\" decoding=\"async\" width=\"1024\" height=\"741\" src=\"https:\/\/ysgoldeganwy.co.uk\/wp-content\/uploads\/2024\/03\/football-placed-in-the-corner-of-a-football-field-1024x741.jpg\" alt=\"p\u00eal-droed wedi&#039;i osod yng nghornel cae p\u00eal-droed\" class=\"wp-image-563 size-full\" srcset=\"https:\/\/ysgoldeganwy.co.uk\/wp-content\/uploads\/2024\/03\/football-placed-in-the-corner-of-a-football-field-1024x741.jpg 1024w, https:\/\/ysgoldeganwy.co.uk\/wp-content\/uploads\/2024\/03\/football-placed-in-the-corner-of-a-football-field-300x217.jpg 300w, https:\/\/ysgoldeganwy.co.uk\/wp-content\/uploads\/2024\/03\/football-placed-in-the-corner-of-a-football-field-768x556.jpg 768w, https:\/\/ysgoldeganwy.co.uk\/wp-content\/uploads\/2024\/03\/football-placed-in-the-corner-of-a-football-field-1536x1112.jpg 1536w, https:\/\/ysgoldeganwy.co.uk\/wp-content\/uploads\/2024\/03\/football-placed-in-the-corner-of-a-football-field.jpg 2000w\" sizes=\"(max-width: 1024px) 100vw, 1024px\" \/><\/figure><div class=\"wp-block-media-text__content\">\n<h2 class=\"wp-block-heading\">P\u00eal-droed<\/h2>\n\n\n\n<p>Mae&#8217;r ysgol yn cynnal clwb p\u00eal-droed ar \u00f4l ysgol, sy&#8217;n caniat\u00e1u i blant gymryd rhan mewn twrnameintiau lleol a hogi eu sgiliau yn y gamp.<\/p>\n<\/div><\/div>\n\n<div class=\"wp-block-media-text has-media-on-the-right is-stacked-on-mobile\"><div class=\"wp-block-media-text__content\">\n<h2 class=\"wp-block-heading\">P\u00eal-rwyd<\/h2>\n\n\n\n<p>Yn yr un modd, mae clwb p\u00eal-rwyd ar \u00f4l ysgol ar gael i fyfyrwyr, gan roi cyfleoedd iddynt gymryd rhan yn y gamp a chystadlu mewn twrnameintiau lleol.<\/p>\n<\/div><figure class=\"wp-block-media-text__media\"><img decoding=\"async\" width=\"1024\" height=\"682\" src=\"https:\/\/ysgoldeganwy.co.uk\/wp-content\/uploads\/2024\/03\/beautiful-shot-of-a-netball-ring-against-rainbow-in-the-sky-1024x682.jpg\" alt=\"Saethiad hyfryd o gylch p\u00eal-rwyd yn erbyn Enfys yn yr awyr\" class=\"wp-image-565 size-full\" srcset=\"https:\/\/ysgoldeganwy.co.uk\/wp-content\/uploads\/2024\/03\/beautiful-shot-of-a-netball-ring-against-rainbow-in-the-sky-1024x682.jpg 1024w, https:\/\/ysgoldeganwy.co.uk\/wp-content\/uploads\/2024\/03\/beautiful-shot-of-a-netball-ring-against-rainbow-in-the-sky-300x200.jpg 300w, https:\/\/ysgoldeganwy.co.uk\/wp-content\/uploads\/2024\/03\/beautiful-shot-of-a-netball-ring-against-rainbow-in-the-sky-768x512.jpg 768w, https:\/\/ysgoldeganwy.co.uk\/wp-content\/uploads\/2024\/03\/beautiful-shot-of-a-netball-ring-against-rainbow-in-the-sky-1536x1024.jpg 1536w, https:\/\/ysgoldeganwy.co.uk\/wp-content\/uploads\/2024\/03\/beautiful-shot-of-a-netball-ring-against-rainbow-in-the-sky.jpg 2000w\" sizes=\"(max-width: 1024px) 100vw, 1024px\" \/><\/figure><\/div>\n\n<div class=\"wp-block-media-text is-stacked-on-mobile\"><figure class=\"wp-block-media-text__media\"><img decoding=\"async\" width=\"1024\" height=\"680\" src=\"https:\/\/ysgoldeganwy.co.uk\/wp-content\/uploads\/2024\/03\/swimming-pool-and-rainbow-polyethylene-floats-1024x680.jpg\" alt=\"pwll nofio a fflotiau polyethylen enfys\" class=\"wp-image-567 size-full\" srcset=\"https:\/\/ysgoldeganwy.co.uk\/wp-content\/uploads\/2024\/03\/swimming-pool-and-rainbow-polyethylene-floats-1024x680.jpg 1024w, https:\/\/ysgoldeganwy.co.uk\/wp-content\/uploads\/2024\/03\/swimming-pool-and-rainbow-polyethylene-floats-300x199.jpg 300w, https:\/\/ysgoldeganwy.co.uk\/wp-content\/uploads\/2024\/03\/swimming-pool-and-rainbow-polyethylene-floats-768x510.jpg 768w, https:\/\/ysgoldeganwy.co.uk\/wp-content\/uploads\/2024\/03\/swimming-pool-and-rainbow-polyethylene-floats-1536x1020.jpg 1536w, https:\/\/ysgoldeganwy.co.uk\/wp-content\/uploads\/2024\/03\/swimming-pool-and-rainbow-polyethylene-floats.jpg 2000w\" sizes=\"(max-width: 1024px) 100vw, 1024px\" \/><\/figure><div class=\"wp-block-media-text__content\">\n<h2 class=\"wp-block-heading\">Nofio<\/h2>\n\n\n\n<p>Mae disgyblion o Flwyddyn 4 yn derbyn bloc o bythefnos o wersi nofio dwys, yn darparu ar gyfer bechgyn a merched. Nod y rhaglen hon yw gwella sgiliau nofio a gwybodaeth am ddiogelwch d\u0175r.<\/p>\n<\/div><\/div>\n\n<div class=\"wp-block-media-text has-media-on-the-right is-stacked-on-mobile\"><div class=\"wp-block-media-text__content\">\n<h2 class=\"wp-block-heading\">Athletau<\/h2>\n\n\n\n<p>Trefnir gweithgareddau athletau yn ystod Tymor yr Haf, gan gynnwys cyfarfod athletau i\u2019r ysgol. Mae hyn yn cynnwys digwyddiadau chwaraeon Rhyng-d\u0177 ar gyfer Adran y Babanod a&#8217;r Adran Iau, gan feithrin ysbryd o gystadlu a ffitrwydd corfforol ymhlith myfyrwyr.<\/p>\n<\/div><figure class=\"wp-block-media-text__media\"><img loading=\"lazy\" decoding=\"async\" width=\"1024\" height=\"682\" src=\"https:\/\/ysgoldeganwy.co.uk\/wp-content\/uploads\/2024\/03\/athletic-track-1024x682.jpg\" alt=\"Trac athletaidd\" class=\"wp-image-569 size-full\" srcset=\"https:\/\/ysgoldeganwy.co.uk\/wp-content\/uploads\/2024\/03\/athletic-track-1024x682.jpg 1024w, https:\/\/ysgoldeganwy.co.uk\/wp-content\/uploads\/2024\/03\/athletic-track-300x200.jpg 300w, https:\/\/ysgoldeganwy.co.uk\/wp-content\/uploads\/2024\/03\/athletic-track-768x512.jpg 768w, https:\/\/ysgoldeganwy.co.uk\/wp-content\/uploads\/2024\/03\/athletic-track-1536x1024.jpg 1536w, https:\/\/ysgoldeganwy.co.uk\/wp-content\/uploads\/2024\/03\/athletic-track.jpg 2000w\" sizes=\"(max-width: 1024px) 100vw, 1024px\" \/><\/figure><\/div>\n\n<div class=\"wp-block-media-text is-stacked-on-mobile\"><figure class=\"wp-block-media-text__media\"><img loading=\"lazy\" decoding=\"async\" width=\"1024\" height=\"767\" src=\"https:\/\/ysgoldeganwy.co.uk\/wp-content\/uploads\/2024\/03\/rugby-field-gate-on-green-grass-1024x767.jpg\" alt=\"gi\u00e2t cae rygbi ar laswellt gwyrdd\" class=\"wp-image-571 size-full\" srcset=\"https:\/\/ysgoldeganwy.co.uk\/wp-content\/uploads\/2024\/03\/rugby-field-gate-on-green-grass-1024x767.jpg 1024w, https:\/\/ysgoldeganwy.co.uk\/wp-content\/uploads\/2024\/03\/rugby-field-gate-on-green-grass-300x225.jpg 300w, https:\/\/ysgoldeganwy.co.uk\/wp-content\/uploads\/2024\/03\/rugby-field-gate-on-green-grass-768x576.jpg 768w, https:\/\/ysgoldeganwy.co.uk\/wp-content\/uploads\/2024\/03\/rugby-field-gate-on-green-grass-1536x1151.jpg 1536w, https:\/\/ysgoldeganwy.co.uk\/wp-content\/uploads\/2024\/03\/rugby-field-gate-on-green-grass.jpg 2000w\" sizes=\"(max-width: 1024px) 100vw, 1024px\" \/><\/figure><div class=\"wp-block-media-text__content\">\n<h2 class=\"wp-block-heading\">Rygbi<\/h2>\n\n\n\n<p>Mae&#8217;r ysgol yn cynnig clwb Rygbi TAG ar \u00f4l ysgol, lle caiff plant gyfle i gymryd rhan mewn twrnameintiau lleol a datblygu eu sgiliau rygbi mewn amgylchedd t\u00eem.<\/p>\n<\/div><\/div>\n","protected":false},"excerpt":{"rendered":"<p>Mae&#8217;r ysgol yn anelu at sicrhau cydweithrediad a chefnogaeth rhieni ar gyfer yr holl weithgareddau ychwanegol a gynllunnir. Rydym yn cynnig ystod eang o weithgareddau a drefnir yn ffurfiol ar sail gyson fel a ganlyn &#8211; P\u00eal-droed Mae&#8217;r ysgol yn cynnal clwb p\u00eal-droed ar \u00f4l ysgol, sy&#8217;n caniat\u00e1u i blant gymryd rhan mewn twrnameintiau lleol [&hellip;]<\/p>\n","protected":false},"author":1,"featured_media":0,"parent":0,"menu_order":0,"comment_status":"closed","ping_status":"closed","template":"","meta":{"_acf_changed":false,"footnotes":""},"class_list":["post-632","page","type-page","status-publish","hentry"],"acf":[],"_links":{"self":[{"href":"https:\/\/ysgoldeganwy.co.uk\/index.php\/wp-json\/wp\/v2\/pages\/632","targetHints":{"allow":["GET"]}}],"collection":[{"href":"https:\/\/ysgoldeganwy.co.uk\/index.php\/wp-json\/wp\/v2\/pages"}],"about":[{"href":"https:\/\/ysgoldeganwy.co.uk\/index.php\/wp-json\/wp\/v2\/types\/page"}],"author":[{"embeddable":true,"href":"https:\/\/ysgoldeganwy.co.uk\/index.php\/wp-json\/wp\/v2\/users\/1"}],"replies":[{"embeddable":true,"href":"https:\/\/ysgoldeganwy.co.uk\/index.php\/wp-json\/wp\/v2\/comments?post=632"}],"version-history":[{"count":1,"href":"https:\/\/ysgoldeganwy.co.uk\/index.php\/wp-json\/wp\/v2\/pages\/632\/revisions"}],"predecessor-version":[{"id":633,"href":"https:\/\/ysgoldeganwy.co.uk\/index.php\/wp-json\/wp\/v2\/pages\/632\/revisions\/633"}],"wp:attachment":[{"href":"https:\/\/ysgoldeganwy.co.uk\/index.php\/wp-json\/wp\/v2\/media?parent=632"}],"curies":[{"name":"wp","href":"https:\/\/api.w.org\/{rel}","templated":true}]}}